{"id":78,"date":"2021-01-24T14:27:22","date_gmt":"2021-01-24T15:27:22","guid":{"rendered":"http:\/\/www.logoleicht.de\/?page_id=78"},"modified":"2021-03-17T19:14:56","modified_gmt":"2021-03-17T20:14:56","slug":"charly","status":"publish","type":"page","link":"https:\/\/www.logoleicht.de\/?page_id=78","title":{"rendered":"Therapiebegleithund"},"content":{"rendered":"<figure>\n\t\t\t\t\t\t\t\t\t\t<img loading=\"lazy\" decoding=\"async\" width=\"480\" height=\"324\" src=\"https:\/\/www.logoleicht.de\/wp-content\/uploads\/2021\/01\/IMG_2284-480x324.jpg\" alt=\"\" loading=\"lazy\" srcset=\"https:\/\/www.logoleicht.de\/wp-content\/uploads\/2021\/01\/IMG_2284-480x324.jpg 480w, https:\/\/www.logoleicht.de\/wp-content\/uploads\/2021\/01\/IMG_2284-90x60.jpg 90w\" sizes=\"auto, (max-width: 480px) 100vw, 480px\"><figcaption><\/figcaption><\/figure>\n<p><\/p>\n\n\n<\/p>\n<h3><strong>Der Hund &#8230;<\/strong><\/h3>\n<p style=\"text-align: center;\">_______<\/p>\n<h4>&#8230; fungiert als \u201eEisbrecher\u201c.<\/h4>\n<h4>&#8230;ist warm und weich und beruhigt.<\/h4>\n<h4>&#8230; wertet nicht und hat keine Vorurteile.<\/h4>\n<h4>&#8230; mindert Angst und Spannungen.<\/h4>\n<h4>&#8230; motiviert (sowohl intrinsisch als auch extrinsisch).<\/h4>\n<h4>&#8230; regt zur Bewegung an und schult die Wahrnehmung.<\/h4>\n<h4>&#8230; f\u00f6rdert Aufmerksamkeit und Konzentration.<\/h4>\n<h4>&#8230; braucht F\u00fcrsorge und Pflege.<\/h4>\n<h4>&#8230; macht Fehler und ist nicht vollkommen.<\/h4>\n<h4>&#8230; kann das Bed\u00fcrfnis nach k\u00f6rperlicher N\u00e4he befriedigen.<\/h4>\n<h4>&#8230; h\u00f6rt einfach zu beh\u00e4lt Geheimnisse f\u00fcr sich.<\/h4>\n<h4>&#8230; ist Strukturierungshilfe und arbeitet klientenzentriert.<\/h4>\n<h4>&#8230; f\u00f6rdert kooperatives Verhalten.<\/h4>\n<h4>&#8230; regt die Kommunikation an.<\/h4>\n<h4>Die Arbeit mit einem (gro\u00dfen) Hund macht mutig und stolz.<\/h4>\n<p>\n\n\n<p><\/p>","protected":false},"excerpt":{"rendered":"<p>Der Hund &#8230; _______ &#8230; fungiert als \u201eEisbrecher\u201c. &#8230;ist warm und weich und beruhigt. &#8230; wertet nicht und hat keine Vorurteile. &#8230; mindert Angst und Spannungen. &#8230; motiviert (sowohl intrinsisch &hellip; <\/p>\n","protected":false},"author":1,"featured_media":230,"parent":0,"menu_order":0,"comment_status":"closed","ping_status":"closed","template":"","meta":{"footnotes":""},"class_list":["post-78","page","type-page","status-publish","has-post-thumbnail","hentry","latest_post"],"_links":{"self":[{"href":"https:\/\/www.logoleicht.de\/index.php?rest_route=\/wp\/v2\/pages\/78","targetHints":{"allow":["GET"]}}],"collection":[{"href":"https:\/\/www.logoleicht.de\/index.php?rest_route=\/wp\/v2\/pages"}],"about":[{"href":"https:\/\/www.logoleicht.de\/index.php?rest_route=\/wp\/v2\/types\/page"}],"author":[{"embeddable":true,"href":"https:\/\/www.logoleicht.de\/index.php?rest_route=\/wp\/v2\/users\/1"}],"replies":[{"embeddable":true,"href":"https:\/\/www.logoleicht.de\/index.php?rest_route=%2Fwp%2Fv2%2Fcomments&post=78"}],"version-history":[{"count":10,"href":"https:\/\/www.logoleicht.de\/index.php?rest_route=\/wp\/v2\/pages\/78\/revisions"}],"predecessor-version":[{"id":442,"href":"https:\/\/www.logoleicht.de\/index.php?rest_route=\/wp\/v2\/pages\/78\/revisions\/442"}],"wp:featuredmedia":[{"embeddable":true,"href":"https:\/\/www.logoleicht.de\/index.php?rest_route=\/wp\/v2\/media\/230"}],"wp:attachment":[{"href":"https:\/\/www.logoleicht.de\/index.php?rest_route=%2Fwp%2Fv2%2Fmedia&parent=78"}],"curies":[{"name":"wp","href":"https:\/\/api.w.org\/{rel}","templated":true}]}}