{"id":244,"date":"2021-02-15T08:22:18","date_gmt":"2021-02-15T09:22:18","guid":{"rendered":"http:\/\/www.logoleicht.de\/?page_id=244"},"modified":"2026-02-09T05:12:57","modified_gmt":"2026-02-09T06:12:57","slug":"aktuelles","status":"publish","type":"page","link":"https:\/\/www.logoleicht.de\/?page_id=244","title":{"rendered":"Aktuelles"},"content":{"rendered":"\t\t<div data-elementor-type=\"wp-page\" data-elementor-id=\"244\" class=\"elementor elementor-244\">\n\t\t\t\t<div class=\"elementor-element elementor-element-a764025 e-flex e-con-boxed e-con e-parent\" data-id=\"a764025\" data-element_type=\"container\" data-e-type=\"container\">\n\t\t\t\t\t<div class=\"e-con-inner\">\n\t\t\t\t<div class=\"elementor-element elementor-element-7d2a2d00 elementor-widget elementor-widget-text-editor\" data-id=\"7d2a2d00\" data-element_type=\"widget\" data-e-type=\"widget\" data-widget_type=\"text-editor.default\">\n\t\t\t\t<div class=\"elementor-widget-container\">\n\t\t\t\t\t\t\t\t\t\n<p class=\"has-text-align-center\">Sehr geehrte Patienten\/innen, Eltern und Angeh\u00f6rige,<\/p>\n\n<p class=\"has-text-align-center\">die Berufsaus\u00fcbung ist auch weiterhin bei medizinisch notwendigen Therapien erlaubt. Eine \u00e4rztliche Verordnung belegt diese medizinische Notwendigkeit, sodass bei Vorhandensein einer \u00e4rztlichen Verordnung eine logop\u00e4dische Behandlung durchgef\u00fchrt werden kann.<\/p>\n\n<p class=\"has-text-align-center\">D.h.: Es ist m\u00f6glich, bei Vorhandensein einer \u00e4rztlichen Verordnung alle Leistungen der Stimm-, Sprech-, Sprach- und Schlucktherapie in der Praxis und als Hausbesuch durchzuf\u00fchren.<\/p>\n\n<p class=\"has-text-align-center\">Selbstverst\u00e4ndlich sind dabei die Infektionsschutz- und Hygieneanforderungen erf\u00fcllt.<\/p>\n\n<p class=\"has-text-align-center\">\u00a0<\/p>\n\n<p class=\"has-text-align-center\">\u00a0Bei Fragen wenden Sie sich gerne unter der bekannten Telefonnummer oder per E-Mail an mich!<\/p>\n\n<p class=\"has-text-align-center\">Ihre Logop\u00e4din<\/p>\n\t\t\t\t\t\t\t\t<\/div>\n\t\t\t\t<\/div>\n\t\t\t\t\t<\/div>\n\t\t\t\t<\/div>\n\t\t\t\t<\/div>\n\t\t","protected":false},"excerpt":{"rendered":"<p>Sehr geehrte Patienten\/innen, Eltern und Angeh\u00f6rige, die Berufsaus\u00fcbung ist auch weiterhin bei medizinisch notwendigen Therapien erlaubt. Eine \u00e4rztliche Verordnung belegt diese medizinische Notwendigkeit, sodass bei Vorhandensein einer \u00e4rztlichen Verordnung eine &hellip; <\/p>\n","protected":false},"author":1,"featured_media":181,"parent":0,"menu_order":0,"comment_status":"closed","ping_status":"closed","template":"","meta":{"footnotes":""},"class_list":["post-244","page","type-page","status-publish","has-post-thumbnail","hentry","latest_post"],"_links":{"self":[{"href":"https:\/\/www.logoleicht.de\/index.php?rest_route=\/wp\/v2\/pages\/244","targetHints":{"allow":["GET"]}}],"collection":[{"href":"https:\/\/www.logoleicht.de\/index.php?rest_route=\/wp\/v2\/pages"}],"about":[{"href":"https:\/\/www.logoleicht.de\/index.php?rest_route=\/wp\/v2\/types\/page"}],"author":[{"embeddable":true,"href":"https:\/\/www.logoleicht.de\/index.php?rest_route=\/wp\/v2\/users\/1"}],"replies":[{"embeddable":true,"href":"https:\/\/www.logoleicht.de\/index.php?rest_route=%2Fwp%2Fv2%2Fcomments&post=244"}],"version-history":[{"count":4,"href":"https:\/\/www.logoleicht.de\/index.php?rest_route=\/wp\/v2\/pages\/244\/revisions"}],"predecessor-version":[{"id":474,"href":"https:\/\/www.logoleicht.de\/index.php?rest_route=\/wp\/v2\/pages\/244\/revisions\/474"}],"wp:featuredmedia":[{"embeddable":true,"href":"https:\/\/www.logoleicht.de\/index.php?rest_route=\/wp\/v2\/media\/181"}],"wp:attachment":[{"href":"https:\/\/www.logoleicht.de\/index.php?rest_route=%2Fwp%2Fv2%2Fmedia&parent=244"}],"curies":[{"name":"wp","href":"https:\/\/api.w.org\/{rel}","templated":true}]}}